{"id":2864,"date":"2024-01-02T08:26:37","date_gmt":"2024-01-02T05:26:37","guid":{"rendered":"https:\/\/aktasdis.com\/en\/?page_id=2864"},"modified":"2024-01-02T08:26:37","modified_gmt":"2024-01-02T05:26:37","slug":"contact-form-explicit-consent-text","status":"publish","type":"page","link":"https:\/\/aktasdis.com\/en\/contact-form-explicit-consent-text\/","title":{"rendered":"Contact Form Explicit Consent Text"},"content":{"rendered":"<div class=\"fusion-fullwidth fullwidth-box fusion-builder-row-1 fusion-flex-container nonhundred-percent-fullwidth non-hundred-percent-height-scrolling\" style=\"--awb-border-radius-top-left:0px;--awb-border-radius-top-right:0px;--awb-border-radius-bottom-right:0px;--awb-border-radius-bottom-left:0px;--awb-flex-wrap:wrap;\" ><div class=\"fusion-builder-row fusion-row fusion-flex-align-items-flex-start fusion-flex-content-wrap\" style=\"max-width:1248px;margin-left: calc(-4% \/ 2 );margin-right: calc(-4% \/ 2 );\"><div class=\"fusion-layout-column fusion_builder_column fusion-builder-column-0 fusion-flex-column fusion-no-small-visibility\" style=\"--awb-padding-top:15px;--awb-padding-right:30px;--awb-padding-bottom:15px;--awb-padding-left:30px;--awb-overflow:hidden;--awb-bg-color:#ffffff;--awb-bg-color-hover:#ffffff;--awb-bg-size:cover;--awb-border-color:#d6d6d6;--awb-border-top:1px;--awb-border-right:1px;--awb-border-bottom:1px;--awb-border-left:1px;--awb-border-style:solid;--awb-border-radius:10px 10px 10px 10px;--awb-width-large:100%;--awb-margin-top-large:-30px;--awb-spacing-right-large:1.92%;--awb-margin-bottom-large:20px;--awb-spacing-left-large:1.92%;--awb-width-medium:100%;--awb-order-medium:0;--awb-spacing-right-medium:1.92%;--awb-spacing-left-medium:1.92%;--awb-width-small:100%;--awb-order-small:0;--awb-spacing-right-small:1.92%;--awb-spacing-left-small:1.92%;\"><div class=\"fusion-column-wrapper fusion-column-has-shadow fusion-flex-justify-content-flex-start fusion-content-layout-column\"><nav class=\"fusion-breadcrumbs fusion-no-small-visibility awb-yoast-breadcrumbs fusion-breadcrumbs-1\" style=\"--awb-margin-top:15;--awb-margin-bottom:15;--awb-margin-left:20;--awb-font-size:8;--awb-breadcrumb-sep:&#039;\/&#039;;\" aria-label=\"Breadcrumb\"><span><span><a href=\"https:\/\/aktasdis.com\/en\/\">Home<\/a><\/span><\/span><\/nav><\/div><\/div>\n<div class=\"fusion-layout-column fusion_builder_column fusion-builder-column-1 fusion_builder_column_1_1 1_1 fusion-flex-column\" style=\"--awb-bg-size:cover;--awb-width-large:100%;--awb-margin-top-large:4%;--awb-spacing-right-large:1.92%;--awb-margin-bottom-large:20px;--awb-spacing-left-large:1.92%;--awb-width-medium:100%;--awb-order-medium:0;--awb-spacing-right-medium:1.92%;--awb-spacing-left-medium:1.92%;--awb-width-small:100%;--awb-order-small:0;--awb-spacing-right-small:1.92%;--awb-spacing-left-small:1.92%;\"><div class=\"fusion-column-wrapper fusion-column-has-shadow fusion-flex-justify-content-flex-start fusion-content-layout-column\"><div class=\"fusion-title title fusion-title-1 fusion-sep-none fusion-title-text fusion-title-size-one\" style=\"--awb-margin-top-small:10px;--awb-margin-right-small:0px;--awb-margin-bottom-small:10px;--awb-margin-left-small:0px;\"><h1 class=\"fusion-title-heading title-heading-left fusion-responsive-typography-calculated\" style=\"margin:0;--fontSize:36;line-height:1.2;\">Contact Form Explicit Consent Text<\/h1><\/div><div class=\"fusion-text fusion-text-1\" style=\"--awb-text-transform:none;\"><p>In accordance with the data protection legislation, the data controller is Ak-ta\u015f D\u0131\u015f Ticaret Anonim \u015eirketi (TIN of Turkey: 0110187840) (&#8220;<strong>Ak-ta\u015f<\/strong>&#8221; or &#8220;<strong>Company<\/strong>&#8220;). The processing of your personal data, as specified in the communication form, is possible without requiring explicit consent under Article 5\/2 of the Personal Data Protection Law No. 6698 (&#8220;<strong>KVKK<\/strong>&#8220;). Additionally, unless the situations in which personal data can be transferred without requiring explicit consent under Article 8\/2 and 9\/2 of the KVKK are applicable, your personal data will be transferred both domestically and internationally, limited to the following matters, upon your giving explicit consent. Furthermore, in compliance with the General Data Protection Regulation (<strong>GDPR<\/strong>) of the European Union, personal data of individuals in the European Union will be processed and transferred for the purposes specified below.<\/p>\n<h4>1. Processed Personal Data and Purpose of Processing<\/h4>\n<p>If you fill out the contact form, your name, surname, email address, and optionally your phone number and company information, if provided in your message, will be processed as the personal data you share.<\/p>\n<p>The personal data you share in your message, including your name, surname, email address, optionally provided phone number, and company information, will be processed for the purposes of reaching you again in accordance with your messages, performing actions suitable for your request, conducting business activities, conducting communication activities, and tracking requests and complaints.<\/p>\n<p>We kindly request that you do not share any sensitive personal data in your message. Your personal data is not used for any automated decision-making that affects or forms your profile, other than what has been described above.<\/p>\n<h4>2. Export of Personal Data<\/h4>\n<p>Your personal data will be exported to the following recipients under the scope of the KVKK (Personal Data Protection Law) and with your explicit consent, and\/or under the scope of the GDPR (General Data Protection Regulation) with your consent:<\/p>\n<ul>\n<li>To our group companies, provided you have given explicit consent, for the purposes of conducting business activities and communication activities.<\/li>\n<li>For the limited purpose of using email, cloud computing, and hosting services, your data may be transferred to the servers and data centers of technology service providers located abroad.<\/li>\n<\/ul>\n<h3>3. Security<\/h3>\n<p>Security measures are taken to ensure the security of your personal data. The necessary security measures are implemented by the company within the framework of our published policies to prevent situations such as the loss of your personal data, access or execution by unauthorized persons.<\/p>\n<h3>4. Right to Withdraw Consent<\/h3>\n<p>If you have consented to the processing and transfer of your personal data, you have the right to withdraw your consent in whole or in part. If we receive notification that you have withdrawn your consent, your data will no longer be processed for the purposes for which your consent was obtained, unless there is another legal basis for the processing, provided that it complies with applicable data protection legislation.<\/p>\n<p>If you agree with the above, you can give your consent by checking the box.<\/p>\n<\/div><\/div><\/div><\/div><\/div>\n","protected":false},"excerpt":{"rendered":"","protected":false},"author":1,"featured_media":0,"parent":0,"menu_order":0,"comment_status":"closed","ping_status":"closed","template":"100-width.php","meta":{"inline_featured_image":false,"footnotes":"","_links_to":"","_links_to_target":""},"class_list":["post-2864","page","type-page","status-publish","hentry"],"yoast_head":"<!-- This site is optimized with the Yoast SEO plugin v27.4 - https:\/\/yoast.com\/product\/yoast-seo-wordpress\/ -->\n<title>Contact Form Explicit Consent Text - Ak-tas Dis Ticaret A.S.<\/title>\n<meta name=\"robots\" content=\"index, follow, max-snippet:-1, max-image-preview:large, max-video-preview:-1\" \/>\n<link rel=\"canonical\" href=\"https:\/\/aktasdis.com\/en\/contact-form-explicit-consent-text\/\" \/>\n<meta property=\"og:locale\" content=\"en_US\" \/>\n<meta property=\"og:type\" content=\"article\" \/>\n<meta property=\"og:title\" content=\"Contact Form Explicit Consent Text - Ak-tas Dis Ticaret A.S.\" \/>\n<meta property=\"og:url\" content=\"https:\/\/aktasdis.com\/en\/contact-form-explicit-consent-text\/\" \/>\n<meta property=\"og:site_name\" content=\"Ak-tas Dis Ticaret A.S.\" \/>\n<meta name=\"twitter:card\" content=\"summary_large_image\" \/>\n<meta name=\"twitter:label1\" content=\"Est. reading time\" \/>\n\t<meta name=\"twitter:data1\" content=\"2 minutes\" \/>\n<script type=\"application\/ld+json\" class=\"yoast-schema-graph\">{\"@context\":\"https:\\\/\\\/schema.org\",\"@graph\":[{\"@type\":\"WebPage\",\"@id\":\"https:\\\/\\\/aktasdis.com\\\/en\\\/contact-form-explicit-consent-text\\\/\",\"url\":\"https:\\\/\\\/aktasdis.com\\\/en\\\/contact-form-explicit-consent-text\\\/\",\"name\":\"Contact Form Explicit Consent Text - Ak-tas Dis Ticaret A.S.\",\"isPartOf\":{\"@id\":\"https:\\\/\\\/aktasdis.com\\\/en\\\/#website\"},\"datePublished\":\"2024-01-02T05:26:37+00:00\",\"breadcrumb\":{\"@id\":\"https:\\\/\\\/aktasdis.com\\\/en\\\/contact-form-explicit-consent-text\\\/#breadcrumb\"},\"inLanguage\":\"en-US\",\"potentialAction\":[{\"@type\":\"ReadAction\",\"target\":[\"https:\\\/\\\/aktasdis.com\\\/en\\\/contact-form-explicit-consent-text\\\/\"]}]},{\"@type\":\"BreadcrumbList\",\"@id\":\"https:\\\/\\\/aktasdis.com\\\/en\\\/contact-form-explicit-consent-text\\\/#breadcrumb\",\"itemListElement\":[{\"@type\":\"ListItem\",\"position\":1,\"name\":\"Home\",\"item\":\"https:\\\/\\\/aktasdis.com\\\/en\\\/\"},{\"@type\":\"ListItem\",\"position\":2,\"name\":\"Contact Form Explicit Consent Text\"}]},{\"@type\":\"WebSite\",\"@id\":\"https:\\\/\\\/aktasdis.com\\\/en\\\/#website\",\"url\":\"https:\\\/\\\/aktasdis.com\\\/en\\\/\",\"name\":\"Ak-tas Dis Ticaret A.S.\",\"description\":\"\",\"potentialAction\":[{\"@type\":\"SearchAction\",\"target\":{\"@type\":\"EntryPoint\",\"urlTemplate\":\"https:\\\/\\\/aktasdis.com\\\/en\\\/?s={search_term_string}\"},\"query-input\":{\"@type\":\"PropertyValueSpecification\",\"valueRequired\":true,\"valueName\":\"search_term_string\"}}],\"inLanguage\":\"en-US\"}]}<\/script>\n<!-- \/ Yoast SEO plugin. -->","yoast_head_json":{"title":"Contact Form Explicit Consent Text - Ak-tas Dis Ticaret A.S.","robots":{"index":"index","follow":"follow","max-snippet":"max-snippet:-1","max-image-preview":"max-image-preview:large","max-video-preview":"max-video-preview:-1"},"canonical":"https:\/\/aktasdis.com\/en\/contact-form-explicit-consent-text\/","og_locale":"en_US","og_type":"article","og_title":"Contact Form Explicit Consent Text - Ak-tas Dis Ticaret A.S.","og_url":"https:\/\/aktasdis.com\/en\/contact-form-explicit-consent-text\/","og_site_name":"Ak-tas Dis Ticaret A.S.","twitter_card":"summary_large_image","twitter_misc":{"Est. reading time":"2 minutes"},"schema":{"@context":"https:\/\/schema.org","@graph":[{"@type":"WebPage","@id":"https:\/\/aktasdis.com\/en\/contact-form-explicit-consent-text\/","url":"https:\/\/aktasdis.com\/en\/contact-form-explicit-consent-text\/","name":"Contact Form Explicit Consent Text - Ak-tas Dis Ticaret A.S.","isPartOf":{"@id":"https:\/\/aktasdis.com\/en\/#website"},"datePublished":"2024-01-02T05:26:37+00:00","breadcrumb":{"@id":"https:\/\/aktasdis.com\/en\/contact-form-explicit-consent-text\/#breadcrumb"},"inLanguage":"en-US","potentialAction":[{"@type":"ReadAction","target":["https:\/\/aktasdis.com\/en\/contact-form-explicit-consent-text\/"]}]},{"@type":"BreadcrumbList","@id":"https:\/\/aktasdis.com\/en\/contact-form-explicit-consent-text\/#breadcrumb","itemListElement":[{"@type":"ListItem","position":1,"name":"Home","item":"https:\/\/aktasdis.com\/en\/"},{"@type":"ListItem","position":2,"name":"Contact Form Explicit Consent Text"}]},{"@type":"WebSite","@id":"https:\/\/aktasdis.com\/en\/#website","url":"https:\/\/aktasdis.com\/en\/","name":"Ak-tas Dis Ticaret A.S.","description":"","potentialAction":[{"@type":"SearchAction","target":{"@type":"EntryPoint","urlTemplate":"https:\/\/aktasdis.com\/en\/?s={search_term_string}"},"query-input":{"@type":"PropertyValueSpecification","valueRequired":true,"valueName":"search_term_string"}}],"inLanguage":"en-US"}]}},"_links":{"self":[{"href":"https:\/\/aktasdis.com\/en\/wp-json\/wp\/v2\/pages\/2864","targetHints":{"allow":["GET"]}}],"collection":[{"href":"https:\/\/aktasdis.com\/en\/wp-json\/wp\/v2\/pages"}],"about":[{"href":"https:\/\/aktasdis.com\/en\/wp-json\/wp\/v2\/types\/page"}],"author":[{"embeddable":true,"href":"https:\/\/aktasdis.com\/en\/wp-json\/wp\/v2\/users\/1"}],"replies":[{"embeddable":true,"href":"https:\/\/aktasdis.com\/en\/wp-json\/wp\/v2\/comments?post=2864"}],"version-history":[{"count":2,"href":"https:\/\/aktasdis.com\/en\/wp-json\/wp\/v2\/pages\/2864\/revisions"}],"predecessor-version":[{"id":2888,"href":"https:\/\/aktasdis.com\/en\/wp-json\/wp\/v2\/pages\/2864\/revisions\/2888"}],"wp:attachment":[{"href":"https:\/\/aktasdis.com\/en\/wp-json\/wp\/v2\/media?parent=2864"}],"curies":[{"name":"wp","href":"https:\/\/api.w.org\/{rel}","templated":true}]}}