{"id":2919,"date":"2024-05-06T14:52:19","date_gmt":"2024-05-06T11:52:19","guid":{"rendered":"https:\/\/aktasdis.com\/en\/?page_id=2919"},"modified":"2024-05-06T14:52:19","modified_gmt":"2024-05-06T11:52:19","slug":"supply-chain-policy","status":"publish","type":"page","link":"https:\/\/aktasdis.com\/en\/corporate\/management-systems\/supply-chain-policy\/","title":{"rendered":"Supply Chain Policy"},"content":{"rendered":"<div class=\"fusion-fullwidth fullwidth-box fusion-builder-row-1 fusion-flex-container nonhundred-percent-fullwidth non-hundred-percent-height-scrolling\" style=\"--awb-border-radius-top-left:0px;--awb-border-radius-top-right:0px;--awb-border-radius-bottom-right:0px;--awb-border-radius-bottom-left:0px;--awb-flex-wrap:wrap;\" ><div class=\"fusion-builder-row fusion-row fusion-flex-align-items-flex-start fusion-flex-content-wrap\" style=\"max-width:1248px;margin-left: calc(-4% \/ 2 );margin-right: calc(-4% \/ 2 );\"><div class=\"fusion-layout-column fusion_builder_column fusion-builder-column-0 fusion-flex-column fusion-no-small-visibility\" style=\"--awb-padding-top:15px;--awb-padding-right:30px;--awb-padding-bottom:15px;--awb-padding-left:30px;--awb-overflow:hidden;--awb-bg-color:#ffffff;--awb-bg-color-hover:#ffffff;--awb-bg-size:cover;--awb-border-color:#d6d6d6;--awb-border-top:1px;--awb-border-right:1px;--awb-border-bottom:1px;--awb-border-left:1px;--awb-border-style:solid;--awb-border-radius:10px 10px 10px 10px;--awb-width-large:100%;--awb-margin-top-large:-30px;--awb-spacing-right-large:1.92%;--awb-margin-bottom-large:20px;--awb-spacing-left-large:1.92%;--awb-width-medium:100%;--awb-order-medium:0;--awb-spacing-right-medium:1.92%;--awb-spacing-left-medium:1.92%;--awb-width-small:100%;--awb-order-small:0;--awb-spacing-right-small:1.92%;--awb-spacing-left-small:1.92%;\"><div class=\"fusion-column-wrapper fusion-column-has-shadow fusion-flex-justify-content-flex-start fusion-content-layout-column\"><nav class=\"fusion-breadcrumbs fusion-no-small-visibility awb-yoast-breadcrumbs fusion-breadcrumbs-1\" style=\"--awb-margin-top:15;--awb-margin-bottom:15;--awb-margin-left:20;--awb-font-size:8;--awb-breadcrumb-sep:&#039;\/&#039;;\" aria-label=\"Breadcrumb\"><span><span><a href=\"https:\/\/aktasdis.com\/en\/\">Home<\/a><\/span><\/span><\/nav><\/div><\/div>\n<div class=\"fusion-layout-column fusion_builder_column fusion-builder-column-1 fusion_builder_column_1_1 1_1 fusion-flex-column\" style=\"--awb-bg-size:cover;--awb-width-large:100%;--awb-margin-top-large:4%;--awb-spacing-right-large:1.92%;--awb-margin-bottom-large:20px;--awb-spacing-left-large:1.92%;--awb-width-medium:100%;--awb-order-medium:0;--awb-spacing-right-medium:1.92%;--awb-spacing-left-medium:1.92%;--awb-width-small:100%;--awb-order-small:0;--awb-spacing-right-small:1.92%;--awb-spacing-left-small:1.92%;\"><div class=\"fusion-column-wrapper fusion-column-has-shadow fusion-flex-justify-content-flex-start fusion-content-layout-column\"><div class=\"fusion-title title fusion-title-1 fusion-sep-none fusion-title-text fusion-title-size-one\" style=\"--awb-margin-top-small:10px;--awb-margin-right-small:0px;--awb-margin-bottom-small:10px;--awb-margin-left-small:0px;\"><h1 class=\"fusion-title-heading title-heading-left fusion-responsive-typography-calculated\" style=\"margin:0;--fontSize:36;line-height:1.2;\">Supply Chain Policy<\/h1><\/div><div class=\"fusion-title title fusion-title-2 fusion-sep-none fusion-title-text fusion-title-size-two\" style=\"--awb-text-color:#03a9f4;--awb-margin-top-small:10px;--awb-margin-right-small:0px;--awb-margin-bottom-small:10px;--awb-margin-left-small:0px;--awb-font-size:30px;\"><h2 class=\"fusion-title-heading title-heading-left fusion-responsive-typography-calculated\" style=\"margin:0;font-size:1em;--fontSize:30;line-height:1.2;\">Purpose and Scope<\/h2><\/div><div class=\"fusion-text fusion-text-1\" style=\"--awb-text-transform:none;\"><p>At Ak-ta\u015f D\u0131\u015f Ticaret A.\u015e., our suppliers\u2019 compliance with nationally and internationally recognized environmental, social, and ethical standards is important to us. Our relationships with suppliers and the purchasing process are defined in our Integrated Management System in line with those standards.<\/p>\n<p>We keep our suppliers informed of our policies and procedures and ensure that our suppliers also consider sustainability criteria in order to reduce sustainability risks in our business fields. Regarding purchasing and supplier selection processes, we prefer suppliers that give importance to sustainability issues and manage their environmental and social impacts.<\/p>\n<p>This policy applies to all supply processes, inspection of supplied products, and evaluation of suppliers with respect to procurement of chemical products, materials, equipment, services, maintenance &amp; repair work by Ak-ta\u015f.<\/p>\n<\/div><div class=\"fusion-title title fusion-title-3 fusion-sep-none fusion-title-text fusion-title-size-two\" style=\"--awb-text-color:#03a9f4;--awb-margin-top-small:10px;--awb-margin-right-small:0px;--awb-margin-bottom-small:10px;--awb-margin-left-small:0px;--awb-font-size:30px;\"><h2 class=\"fusion-title-heading title-heading-left fusion-responsive-typography-calculated\" style=\"margin:0;font-size:1em;--fontSize:30;line-height:1.2;\">Our Expectations from Suppliers<\/h2><\/div><div class=\"fusion-text fusion-text-2\" style=\"--awb-text-transform:none;\"><ul>\n<li>Our suppliers must not employ young workers below the minimum working age under International Labor Organization (ILO) Conventions No. 138 in any manner.<\/li>\n<li>They must not engage in forced and compulsory labor. All employees must be assured of this.<\/li>\n<li>They must not tolerate bonded labor.<\/li>\n<li>They must not engage in discrimination on the basis of gender, age, religion, race, sect, etc. reasons with respect to hiring, remuneration, training, promotion, and retirement decisions.<\/li>\n<li>Employees must be paid at least minimum wage.<\/li>\n<li>All benefits must conform to the applicable laws and regulations.<\/li>\n<li>Employee wages must be paid regularly and in a timely manner.<\/li>\n<li>Physical abuse, sexual, verbal, or physical harassment must not be tolerated in any manner at the workplace.<\/li>\n<li>They must act fairly in line with fundamental ethical and human values in all business relationships.<\/li>\n<li>Employees must benefit from suitable holidays and days off in line with the applicable laws and regulations and working hours must be compatible with the regulations.<\/li>\n<li>They must respect the workers\u2019 right to join, become a member to and represent trade unions as provided in the local laws.<\/li>\n<li>Employees must be provided with a healthy, hygienic and safe working environment.<\/li>\n<li>They must take necessary measures to prevent occupational accidents and diseases and provide occupational health and safety training to employees on a regular basis.<\/li>\n<li>All applicable environmental laws, regulations and legislations must be upheld.<\/li>\n<li>They must not exchange gifts to facilitate business and tolerate any form of bribery and corruption.<\/li>\n<li>They must obstruct the procurement of personal benefits in purchasing processes.<\/li>\n<li>They must not make any attempt to prevent or restrict competition.<\/li>\n<li>Intellectual property rights of stakeholders must be protected.<\/li>\n<\/ul>\n<\/div><div class=\"fusion-title title fusion-title-4 fusion-sep-none fusion-title-text fusion-title-size-two\" style=\"--awb-text-color:#03a9f4;--awb-margin-top-small:10px;--awb-margin-right-small:0px;--awb-margin-bottom-small:10px;--awb-margin-left-small:0px;--awb-font-size:30px;\"><h2 class=\"fusion-title-heading title-heading-left fusion-responsive-typography-calculated\" style=\"margin:0;font-size:1em;--fontSize:30;line-height:1.2;\">Enforcement and Effectiveness<\/h2><\/div><div class=\"fusion-text fusion-text-3\" style=\"--awb-text-transform:none;\"><p>This policy is issued on 29.04.2024 upon the approval of the member of the Board Directors. It shall be regularly reviewed every year and updated whenever any revision is deemed necessary. The latest versions of our policies are e-mailed to all employees and published on our corporate website for the relevant stakeholders.<\/p>\n<\/div><\/div><\/div><\/div><\/div>\n","protected":false},"excerpt":{"rendered":"","protected":false},"author":1,"featured_media":0,"parent":1505,"menu_order":0,"comment_status":"closed","ping_status":"closed","template":"100-width.php","meta":{"inline_featured_image":false,"footnotes":"","_links_to":"","_links_to_target":""},"class_list":["post-2919","page","type-page","status-publish","hentry"],"yoast_head":"<!-- This site is optimized with the Yoast SEO plugin v27.4 - https:\/\/yoast.com\/product\/yoast-seo-wordpress\/ -->\n<title>Supply Chain Policy - Ak-tas Dis Ticaret A.S.<\/title>\n<meta name=\"robots\" content=\"index, follow, max-snippet:-1, max-image-preview:large, max-video-preview:-1\" \/>\n<link rel=\"canonical\" href=\"https:\/\/aktasdis.com\/en\/corporate\/management-systems\/supply-chain-policy\/\" \/>\n<meta property=\"og:locale\" content=\"en_US\" \/>\n<meta property=\"og:type\" content=\"article\" \/>\n<meta property=\"og:title\" content=\"Supply Chain Policy - Ak-tas Dis Ticaret A.S.\" \/>\n<meta property=\"og:url\" content=\"https:\/\/aktasdis.com\/en\/corporate\/management-systems\/supply-chain-policy\/\" \/>\n<meta property=\"og:site_name\" content=\"Ak-tas Dis Ticaret A.S.\" \/>\n<meta name=\"twitter:card\" content=\"summary_large_image\" \/>\n<meta name=\"twitter:label1\" content=\"Est. reading time\" \/>\n\t<meta name=\"twitter:data1\" content=\"3 minutes\" \/>\n<script type=\"application\/ld+json\" class=\"yoast-schema-graph\">{\"@context\":\"https:\\\/\\\/schema.org\",\"@graph\":[{\"@type\":\"WebPage\",\"@id\":\"https:\\\/\\\/aktasdis.com\\\/en\\\/corporate\\\/management-systems\\\/supply-chain-policy\\\/\",\"url\":\"https:\\\/\\\/aktasdis.com\\\/en\\\/corporate\\\/management-systems\\\/supply-chain-policy\\\/\",\"name\":\"Supply Chain Policy - Ak-tas Dis Ticaret A.S.\",\"isPartOf\":{\"@id\":\"https:\\\/\\\/aktasdis.com\\\/en\\\/#website\"},\"datePublished\":\"2024-05-06T11:52:19+00:00\",\"breadcrumb\":{\"@id\":\"https:\\\/\\\/aktasdis.com\\\/en\\\/corporate\\\/management-systems\\\/supply-chain-policy\\\/#breadcrumb\"},\"inLanguage\":\"en-US\",\"potentialAction\":[{\"@type\":\"ReadAction\",\"target\":[\"https:\\\/\\\/aktasdis.com\\\/en\\\/corporate\\\/management-systems\\\/supply-chain-policy\\\/\"]}]},{\"@type\":\"BreadcrumbList\",\"@id\":\"https:\\\/\\\/aktasdis.com\\\/en\\\/corporate\\\/management-systems\\\/supply-chain-policy\\\/#breadcrumb\",\"itemListElement\":[{\"@type\":\"ListItem\",\"position\":1,\"name\":\"Home\",\"item\":\"https:\\\/\\\/aktasdis.com\\\/en\\\/\"},{\"@type\":\"ListItem\",\"position\":2,\"name\":\"Corporate\",\"item\":\"https:\\\/\\\/aktasdis.com\\\/en\\\/corporate\\\/\"},{\"@type\":\"ListItem\",\"position\":3,\"name\":\"Management Systems\",\"item\":\"https:\\\/\\\/aktasdis.com\\\/en\\\/corporate\\\/management-systems\\\/\"},{\"@type\":\"ListItem\",\"position\":4,\"name\":\"Supply Chain Policy\"}]},{\"@type\":\"WebSite\",\"@id\":\"https:\\\/\\\/aktasdis.com\\\/en\\\/#website\",\"url\":\"https:\\\/\\\/aktasdis.com\\\/en\\\/\",\"name\":\"Ak-tas Dis Ticaret A.S.\",\"description\":\"\",\"potentialAction\":[{\"@type\":\"SearchAction\",\"target\":{\"@type\":\"EntryPoint\",\"urlTemplate\":\"https:\\\/\\\/aktasdis.com\\\/en\\\/?s={search_term_string}\"},\"query-input\":{\"@type\":\"PropertyValueSpecification\",\"valueRequired\":true,\"valueName\":\"search_term_string\"}}],\"inLanguage\":\"en-US\"}]}<\/script>\n<!-- \/ Yoast SEO plugin. -->","yoast_head_json":{"title":"Supply Chain Policy - Ak-tas Dis Ticaret A.S.","robots":{"index":"index","follow":"follow","max-snippet":"max-snippet:-1","max-image-preview":"max-image-preview:large","max-video-preview":"max-video-preview:-1"},"canonical":"https:\/\/aktasdis.com\/en\/corporate\/management-systems\/supply-chain-policy\/","og_locale":"en_US","og_type":"article","og_title":"Supply Chain Policy - Ak-tas Dis Ticaret A.S.","og_url":"https:\/\/aktasdis.com\/en\/corporate\/management-systems\/supply-chain-policy\/","og_site_name":"Ak-tas Dis Ticaret A.S.","twitter_card":"summary_large_image","twitter_misc":{"Est. reading time":"3 minutes"},"schema":{"@context":"https:\/\/schema.org","@graph":[{"@type":"WebPage","@id":"https:\/\/aktasdis.com\/en\/corporate\/management-systems\/supply-chain-policy\/","url":"https:\/\/aktasdis.com\/en\/corporate\/management-systems\/supply-chain-policy\/","name":"Supply Chain Policy - Ak-tas Dis Ticaret A.S.","isPartOf":{"@id":"https:\/\/aktasdis.com\/en\/#website"},"datePublished":"2024-05-06T11:52:19+00:00","breadcrumb":{"@id":"https:\/\/aktasdis.com\/en\/corporate\/management-systems\/supply-chain-policy\/#breadcrumb"},"inLanguage":"en-US","potentialAction":[{"@type":"ReadAction","target":["https:\/\/aktasdis.com\/en\/corporate\/management-systems\/supply-chain-policy\/"]}]},{"@type":"BreadcrumbList","@id":"https:\/\/aktasdis.com\/en\/corporate\/management-systems\/supply-chain-policy\/#breadcrumb","itemListElement":[{"@type":"ListItem","position":1,"name":"Home","item":"https:\/\/aktasdis.com\/en\/"},{"@type":"ListItem","position":2,"name":"Corporate","item":"https:\/\/aktasdis.com\/en\/corporate\/"},{"@type":"ListItem","position":3,"name":"Management Systems","item":"https:\/\/aktasdis.com\/en\/corporate\/management-systems\/"},{"@type":"ListItem","position":4,"name":"Supply Chain Policy"}]},{"@type":"WebSite","@id":"https:\/\/aktasdis.com\/en\/#website","url":"https:\/\/aktasdis.com\/en\/","name":"Ak-tas Dis Ticaret A.S.","description":"","potentialAction":[{"@type":"SearchAction","target":{"@type":"EntryPoint","urlTemplate":"https:\/\/aktasdis.com\/en\/?s={search_term_string}"},"query-input":{"@type":"PropertyValueSpecification","valueRequired":true,"valueName":"search_term_string"}}],"inLanguage":"en-US"}]}},"_links":{"self":[{"href":"https:\/\/aktasdis.com\/en\/wp-json\/wp\/v2\/pages\/2919","targetHints":{"allow":["GET"]}}],"collection":[{"href":"https:\/\/aktasdis.com\/en\/wp-json\/wp\/v2\/pages"}],"about":[{"href":"https:\/\/aktasdis.com\/en\/wp-json\/wp\/v2\/types\/page"}],"author":[{"embeddable":true,"href":"https:\/\/aktasdis.com\/en\/wp-json\/wp\/v2\/users\/1"}],"replies":[{"embeddable":true,"href":"https:\/\/aktasdis.com\/en\/wp-json\/wp\/v2\/comments?post=2919"}],"version-history":[{"count":1,"href":"https:\/\/aktasdis.com\/en\/wp-json\/wp\/v2\/pages\/2919\/revisions"}],"predecessor-version":[{"id":2920,"href":"https:\/\/aktasdis.com\/en\/wp-json\/wp\/v2\/pages\/2919\/revisions\/2920"}],"up":[{"embeddable":true,"href":"https:\/\/aktasdis.com\/en\/wp-json\/wp\/v2\/pages\/1505"}],"wp:attachment":[{"href":"https:\/\/aktasdis.com\/en\/wp-json\/wp\/v2\/media?parent=2919"}],"curies":[{"name":"wp","href":"https:\/\/api.w.org\/{rel}","templated":true}]}}